{"id":1374,"date":"2025-03-05T13:24:29","date_gmt":"2025-03-05T12:24:29","guid":{"rendered":"https:\/\/zusfl.sk\/2-2\/"},"modified":"2025-03-05T13:43:18","modified_gmt":"2025-03-05T12:43:18","slug":"2-2","status":"publish","type":"page","link":"https:\/\/zusfl.sk\/hu\/","title":{"rendered":"2%"},"content":{"rendered":"<p>[et_pb_section fb_built=&#8221;1&#8243; custom_padding_last_edited=&#8221;on|tablet&#8221; admin_label=&#8221;Header&#8221; _builder_version=&#8221;4.27.2&#8243; _module_preset=&#8221;default&#8221; use_background_color_gradient=&#8221;on&#8221; background_color_gradient_stops=&#8221;gcid-6a2d45ac-bea4-46c8-8c36-059a129912bb 0%|rgba(255,255,255,0) 75%&#8221; background_image=&#8221;https:\/\/zusfl.sk\/wp-content\/uploads\/2024\/10\/art-therapist-background-01-1.png&#8221; background_position=&#8221;top_center&#8221; overflow-x=&#8221;hidden&#8221; overflow-y=&#8221;hidden&#8221; custom_padding=&#8221;14px||14px||true|false&#8221; custom_padding_tablet=&#8221;10vw||10vw||true|false&#8221; custom_padding_phone=&#8221;&#8221; collapsed=&#8221;off&#8221; global_colors_info=&#8221;{%22gcid-6a2d45ac-bea4-46c8-8c36-059a129912bb%22:%91%22background_color_gradient_stops%22%93}&#8221;][et_pb_row column_structure=&#8221;1_2,1_2&#8243; _builder_version=&#8221;4.27.3&#8243; _module_preset=&#8221;default&#8221; custom_margin=&#8221;-9px|auto|0px|auto|false|false&#8221; custom_padding=&#8221;0px||0px||false|false&#8221; global_colors_info=&#8221;{}&#8221;][et_pb_column type=&#8221;1_2&#8243; _builder_version=&#8221;4.23.2&#8243; _module_preset=&#8221;default&#8221; global_colors_info=&#8221;{}&#8221;][et_pb_image src=&#8221;https:\/\/zusfl.sk\/wp-content\/uploads\/2025\/03\/2_percenta.jpg&#8221; title_text=&#8221;2_percenta&#8221; _builder_version=&#8221;4.27.4&#8243; _module_preset=&#8221;default&#8221; custom_padding=&#8221;101px|||||&#8221; global_colors_info=&#8221;{}&#8221;][\/et_pb_image][\/et_pb_column][et_pb_column type=&#8221;1_2&#8243; _builder_version=&#8221;4.23.2&#8243; _module_preset=&#8221;default&#8221; global_colors_info=&#8221;{}&#8221;][et_pb_text _builder_version=&#8221;4.27.4&#8243; _module_preset=&#8221;default&#8221; text_font_size=&#8221;18px&#8221; text_line_height=&#8221;1.8em&#8221; custom_padding=&#8221;49px|||||&#8221; global_colors_info=&#8221;{}&#8221;]<\/p>\n<div dir=\"auto\">\n<div dir=\"auto\">\n<p>Tisztel sz\u00fcl\u0151k \u00e9s a m\u0171v\u00e9szet\u00e9rt rajong\u00f3k!<\/p>\n<p>&nbsp;<\/p>\n<\/div>\n<div dir=\"auto\"><\/div>\n<div dir=\"auto\">Felh\u00edvjuk figyelm\u00fcket, hogy bizonyos k\u00f6r\u00fclm\u00e9nyek k\u00f6z\u00f6tt lehet\u0151s\u00e9g\u00fck van ad\u00f3juk 2 % &#8211; val t\u00e1mogatni int\u00e9zm\u00e9ny\u00fcnket j\u00fanius 30.-ig. <span style=\"font-size: 18px;\">Az \u00d6n\u00f6k seg\u00edts\u00e9g\u00e9vel siker\u00fclt eljutni versenyekre, ny\u00e1ri t\u00e1borba, karbantartani \u00e9s \u00faj hangszereket v\u00e1s\u00e1rolni.<\/span><\/div>\n<div dir=\"auto\"><span style=\"font-size: 18px;\"><\/span><\/div>\n<div dir=\"auto\"><span style=\"font-size: 18px;\">\u00a0<\/span><\/div>\n<div dir=\"auto\"><\/div>\n<div dir=\"auto\">K\u00f6sz\u00f6nj\u00fck sz\u00e9pen mindenkinek, akik az elm\u00falt \u00e9vekben is t\u00e1mogattak minket.<\/div>\n<div dir=\"auto\"><\/div>\n<div dir=\"auto\">\n<p>A Liszt Ferenc MAI<\/p>\n<\/div>\n<\/div>\n<div dir=\"auto\">\n<p>Nyomtatv\u00e1ny: <span style=\"text-decoration: underline;\"><a href=\"https:\/\/zusfl.sk\/wp-content\/uploads\/2025\/03\/2-DANE-ZA2024.pdf\">https:\/\/zusfl.sk\/wp-content\/uploads\/2025\/03\/2-DANE-ZA2024.pdf<\/a><\/span><\/p>\n<\/div>\n<p>[\/et_pb_text][\/et_pb_column][\/et_pb_row][et_pb_row _builder_version=&#8221;4.27.4&#8243; _module_preset=&#8221;default&#8221; global_colors_info=&#8221;{}&#8221;][et_pb_column type=&#8221;4_4&#8243; _builder_version=&#8221;4.27.4&#8243; _module_preset=&#8221;default&#8221; global_colors_info=&#8221;{}&#8221;][et_pb_button button_url=&#8221;https:\/\/zusfl.sk\/hu\/fooldal\/&#8221; button_text=&#8221;Tov\u00e1bb a f\u0151oldalra&#8221; button_alignment=&#8221;center&#8221; _builder_version=&#8221;4.27.4&#8243; _module_preset=&#8221;default&#8221; hover_enabled=&#8221;0&#8243; global_colors_info=&#8221;{}&#8221; sticky_enabled=&#8221;0&#8243;][\/et_pb_button][\/et_pb_column][\/et_pb_row][\/et_pb_section][et_pb_section fb_built=&#8221;1&#8243; admin_label=&#8221;Call to Action&#8221; _builder_version=&#8221;4.27.3&#8243; _module_preset=&#8221;default&#8221; background_color=&#8221;gcid-d15821fb-ca65-4f29-bfd5-ea044f046af4&#8243; background_image=&#8221;https:\/\/zusfl.sk\/wp-content\/uploads\/2024\/10\/art-therapist-background-02b.png&#8221; background_size=&#8221;initial&#8221; saved_tabs=&#8221;all&#8221; collapsed=&#8221;off&#8221; global_colors_info=&#8221;{%22gcid-d15821fb-ca65-4f29-bfd5-ea044f046af4%22:%91%22background_color%22%93}&#8221;][et_pb_row _builder_version=&#8221;4.24.2&#8243; _module_preset=&#8221;default&#8221; max_width=&#8221;900px&#8221; global_colors_info=&#8221;{}&#8221;][et_pb_column type=&#8221;4_4&#8243; _builder_version=&#8221;4.23.2&#8243; _module_preset=&#8221;default&#8221; global_colors_info=&#8221;{}&#8221;][et_pb_text _builder_version=&#8221;4.27.3&#8243; _module_preset=&#8221;fcdb969f-ea47-4e9e-aaa2-3e644b294f1e&#8221; text_font_size=&#8221;13px&#8221; header_font_size=&#8221;27px&#8221; header_2_text_color=&#8221;#FFFFFF&#8221; header_2_font_size=&#8221;60px&#8221; text_orientation=&#8221;center&#8221; global_colors_info=&#8221;{}&#8221;]<\/p>\n<h2><span>\u201eKde slov\u00e1 zlyhaj\u00fa, hudba prehovor\u00ed.\u201c \u2014 Hans Christian Andersen<\/span><\/h2>\n<p>[\/et_pb_text][\/et_pb_column][\/et_pb_row][\/et_pb_section]<\/p>\n","protected":false},"excerpt":{"rendered":"<p>Tisztel sz\u00fcl\u0151k \u00e9s a m\u0171v\u00e9szet\u00e9rt rajong\u00f3k! &nbsp; Felh\u00edvjuk figyelm\u00fcket, hogy bizonyos k\u00f6r\u00fclm\u00e9nyek k\u00f6z\u00f6tt lehet\u0151s\u00e9g\u00fck van ad\u00f3juk 2 % &#8211; val t\u00e1mogatni int\u00e9zm\u00e9ny\u00fcnket j\u00fanius 30.-ig. Az \u00d6n\u00f6k seg\u00edts\u00e9g\u00e9vel siker\u00fclt eljutni versenyekre, ny\u00e1ri t\u00e1borba, karbantartani \u00e9s \u00faj hangszereket v\u00e1s\u00e1rolni. \u00a0 K\u00f6sz\u00f6nj\u00fck sz\u00e9pen mindenkinek, akik az elm\u00falt \u00e9vekben is t\u00e1mogattak minket. A Liszt Ferenc MAI Nyomtatv\u00e1ny: https:\/\/zusfl.sk\/wp-content\/uploads\/2025\/03\/2-DANE-ZA2024.pdf \u201eKde [&hellip;]<\/p>\n","protected":false},"author":1,"featured_media":0,"parent":0,"menu_order":0,"comment_status":"closed","ping_status":"closed","template":"","meta":{"_et_pb_use_builder":"on","_et_pb_old_content":"","_et_gb_content_width":"","footnotes":""},"class_list":["post-1374","page","type-page","status-publish","hentry"],"_links":{"self":[{"href":"https:\/\/zusfl.sk\/hu\/wp-json\/wp\/v2\/pages\/1374","targetHints":{"allow":["GET"]}}],"collection":[{"href":"https:\/\/zusfl.sk\/hu\/wp-json\/wp\/v2\/pages"}],"about":[{"href":"https:\/\/zusfl.sk\/hu\/wp-json\/wp\/v2\/types\/page"}],"author":[{"embeddable":true,"href":"https:\/\/zusfl.sk\/hu\/wp-json\/wp\/v2\/users\/1"}],"replies":[{"embeddable":true,"href":"https:\/\/zusfl.sk\/hu\/wp-json\/wp\/v2\/comments?post=1374"}],"version-history":[{"count":2,"href":"https:\/\/zusfl.sk\/hu\/wp-json\/wp\/v2\/pages\/1374\/revisions"}],"predecessor-version":[{"id":1376,"href":"https:\/\/zusfl.sk\/hu\/wp-json\/wp\/v2\/pages\/1374\/revisions\/1376"}],"wp:attachment":[{"href":"https:\/\/zusfl.sk\/hu\/wp-json\/wp\/v2\/media?parent=1374"}],"curies":[{"name":"wp","href":"https:\/\/api.w.org\/{rel}","templated":true}]}}