{"id":234,"date":"2024-11-11T23:09:31","date_gmt":"2024-11-11T22:09:31","guid":{"rendered":"https:\/\/zusfl.sk\/?page_id=234"},"modified":"2024-11-12T12:42:37","modified_gmt":"2024-11-12T11:42:37","slug":"hirek","status":"publish","type":"page","link":"https:\/\/zusfl.sk\/hu\/hirek\/","title":{"rendered":"H\u00edrek"},"content":{"rendered":"<p>[et_pb_section fb_built=&#8221;1&#8243; custom_padding_last_edited=&#8221;on|tablet&#8221; admin_label=&#8221;Header&#8221; _builder_version=&#8221;4.27.2&#8243; _module_preset=&#8221;default&#8221; use_background_color_gradient=&#8221;on&#8221; background_color_gradient_stops=&#8221;gcid-6a2d45ac-bea4-46c8-8c36-059a129912bb 0%|rgba(255,255,255,0) 75%&#8221; background_enable_image=&#8221;off&#8221; background_position=&#8221;top_center&#8221; overflow-x=&#8221;hidden&#8221; overflow-y=&#8221;hidden&#8221; custom_padding=&#8221;14px||14px||true|false&#8221; custom_padding_tablet=&#8221;10vw||10vw||true|false&#8221; custom_padding_phone=&#8221;&#8221; saved_tabs=&#8221;all&#8221; collapsed=&#8221;on&#8221; global_colors_info=&#8221;{%22gcid-6a2d45ac-bea4-46c8-8c36-059a129912bb%22:%91%22background_color_gradient_stops%22%93}&#8221; theme_builder_area=&#8221;post_content&#8221;][et_pb_row _builder_version=&#8221;4.23.2&#8243; _module_preset=&#8221;default&#8221; global_colors_info=&#8221;{}&#8221; theme_builder_area=&#8221;post_content&#8221;][et_pb_column type=&#8221;4_4&#8243; _builder_version=&#8221;4.23.2&#8243; _module_preset=&#8221;default&#8221; global_colors_info=&#8221;{}&#8221; theme_builder_area=&#8221;post_content&#8221;][et_pb_text _builder_version=&#8221;4.27.3&#8243; _module_preset=&#8221;9073b4c7-f1f8-4d72-beef-870e9ad91489&#8243; header_text_color=&#8221;gcid-867350b7-392a-40e2-89b3-a1ca20a75c7d&#8221; header_font_size=&#8221;60px&#8221; text_orientation=&#8221;center&#8221; custom_margin=&#8221;||10px||false|false&#8221; hover_enabled=&#8221;0&#8243; global_colors_info=&#8221;{%22gcid-867350b7-392a-40e2-89b3-a1ca20a75c7d%22:%91%22header_text_color%22%93}&#8221; theme_builder_area=&#8221;post_content&#8221; sticky_enabled=&#8221;0&#8243;]<\/p>\n<h1>H\u00edrek<\/h1>\n<p>[\/et_pb_text][\/et_pb_column][\/et_pb_row][\/et_pb_section][et_pb_section fb_built=&#8221;1&#8243; custom_padding_last_edited=&#8221;on|tablet&#8221; admin_label=&#8221;Header&#8221; _builder_version=&#8221;4.24.2&#8243; _module_preset=&#8221;default&#8221; use_background_color_gradient=&#8221;on&#8221; background_color_gradient_stops=&#8221;gcid-6a2d45ac-bea4-46c8-8c36-059a129912bb 0%|rgba(255,255,255,0) 75%&#8221; background_image=&#8221;https:\/\/zusfl.sk\/wp-content\/uploads\/2024\/10\/art-therapist-background-01-1.png&#8221; background_size=&#8221;contain&#8221; overflow-x=&#8221;hidden&#8221; overflow-y=&#8221;hidden&#8221; custom_margin=&#8221;-1px|||||&#8221; custom_padding=&#8221;14px||14px||true|false&#8221; custom_padding_tablet=&#8221;10vw||10vw||true|false&#8221; custom_padding_phone=&#8221;&#8221; collapsed=&#8221;on&#8221; global_colors_info=&#8221;{%22gcid-6a2d45ac-bea4-46c8-8c36-059a129912bb%22:%91%22background_color_gradient_stops%22%93}&#8221; theme_builder_area=&#8221;post_content&#8221;][et_pb_row _builder_version=&#8221;4.27.2&#8243; _module_preset=&#8221;default&#8221; global_colors_info=&#8221;{}&#8221; theme_builder_area=&#8221;post_content&#8221;][et_pb_column type=&#8221;4_4&#8243; _builder_version=&#8221;4.27.2&#8243; _module_preset=&#8221;default&#8221; global_colors_info=&#8221;{}&#8221; theme_builder_area=&#8221;post_content&#8221;][et_pb_text _builder_version=&#8221;4.27.3&#8243; _module_preset=&#8221;default&#8221; text_font=&#8221;Abhaya Libre|600|||||||&#8221; text_font_size=&#8221;16px&#8221; transform_origin=&#8221;12%|36%&#8221; text_orientation=&#8221;justified&#8221; custom_margin=&#8221;||||false|false&#8221; custom_padding=&#8221;20px|20px|20px|20px|false|false&#8221; animation_style=&#8221;fade&#8221; border_width_all=&#8221;5px&#8221; border_color_all=&#8221;#1ab9bf&#8221; border_style_all=&#8221;double&#8221; box_shadow_style=&#8221;preset1&#8243; box_shadow_vertical=&#8221;7px&#8221; box_shadow_blur=&#8221;34px&#8221; global_colors_info=&#8221;{}&#8221; theme_builder_area=&#8221;post_content&#8221;][\/et_pb_text][\/et_pb_column][\/et_pb_row][et_pb_row column_structure=&#8221;1_2,1_2&#8243; _builder_version=&#8221;4.27.2&#8243; _module_preset=&#8221;default&#8221; global_module=&#8221;85&#8243; saved_tabs=&#8221;all&#8221; locked=&#8221;off&#8221; global_colors_info=&#8221;{}&#8221; theme_builder_area=&#8221;post_content&#8221;][et_pb_column type=&#8221;1_2&#8243; _builder_version=&#8221;4.23.2&#8243; _module_preset=&#8221;default&#8221; global_colors_info=&#8221;{}&#8221; theme_builder_area=&#8221;post_content&#8221;][et_pb_image src=&#8221;https:\/\/zusfl.sk\/wp-content\/uploads\/2024\/10\/art-therapist-illustration-06-1.png&#8221; title_text=&#8221;art-therapist-illustration-06-1&#8243; _builder_version=&#8221;4.24.2&#8243; _module_preset=&#8221;default&#8221; transform_translate=&#8221;10%|-10%&#8221; transform_translate_linked=&#8221;off&#8221; positioning=&#8221;absolute&#8221; position_origin_a=&#8221;top_right&#8221; width=&#8221;40%&#8221; scroll_scaling_enable=&#8221;on&#8221; scroll_scaling=&#8221;0|100|100|100|70|100|100&#8243; global_colors_info=&#8221;{}&#8221; theme_builder_area=&#8221;post_content&#8221;][\/et_pb_image][et_pb_image src=&#8221;https:\/\/zusfl.sk\/wp-content\/uploads\/2024\/10\/art-therapist-08.jpg&#8221; title_text=&#8221;art-therapist-08&#8243; align=&#8221;center&#8221; _builder_version=&#8221;4.24.2&#8243; _module_preset=&#8221;default&#8221; scroll_scaling=&#8221;0|100|100|100|70|100|100&#8243; border_radii=&#8221;on|500px|500px|500px|500px&#8221; global_colors_info=&#8221;{}&#8221; theme_builder_area=&#8221;post_content&#8221;][\/et_pb_image][et_pb_image src=&#8221;https:\/\/zusfl.sk\/wp-content\/uploads\/2024\/10\/art-therapist-illustration-09-1.png&#8221; title_text=&#8221;art-therapist-illustration-09-1&#8243; _builder_version=&#8221;4.24.2&#8243; _module_preset=&#8221;default&#8221; positioning=&#8221;absolute&#8221; width=&#8221;30%&#8221; mix_blend_mode=&#8221;multiply&#8221; scroll_fade_enable=&#8221;on&#8221; global_colors_info=&#8221;{}&#8221; theme_builder_area=&#8221;post_content&#8221;][\/et_pb_image][\/et_pb_column][et_pb_column type=&#8221;1_2&#8243; _builder_version=&#8221;4.24.2&#8243; _module_preset=&#8221;default&#8221; custom_padding=&#8221;6%||||false|false&#8221; custom_padding_tablet=&#8221;0%||||false|false&#8221; custom_padding_phone=&#8221;&#8221; custom_padding_last_edited=&#8221;on|desktop&#8221; global_colors_info=&#8221;{}&#8221; theme_builder_area=&#8221;post_content&#8221;][et_pb_text _builder_version=&#8221;4.27.2&#8243; _module_preset=&#8221;e1d4566f-5f8d-44c2-bc08-5f6adf8c8cf7&#8243; header_4_text_color=&#8221;gcid-d15821fb-ca65-4f29-bfd5-ea044f046af4&#8243; global_colors_info=&#8221;{%22gcid-d15821fb-ca65-4f29-bfd5-ea044f046af4%22:%91%22header_4_text_color%22%93}&#8221; theme_builder_area=&#8221;post_content&#8221;]<\/p>\n<h4>Kicsiben kezd\u0151dik<\/h4>\n<p>[\/et_pb_text][et_pb_text _builder_version=&#8221;4.27.2&#8243; _module_preset=&#8221;5db74e08-4c7c-40aa-8a8c-b162c430cdf3&#8243; header_2_text_color=&#8221;gcid-d15821fb-ca65-4f29-bfd5-ea044f046af4&#8243; custom_margin=&#8221;||10px||false|false&#8221; global_colors_info=&#8221;{%22gcid-d15821fb-ca65-4f29-bfd5-ea044f046af4%22:%91%22header_2_text_color%22%93}&#8221; theme_builder_area=&#8221;post_content&#8221;]<\/p>\n<h2>Ne hagyjuk elveszni a kreativit\u00e1st<\/h2>\n<p>[\/et_pb_text][et_pb_text _builder_version=&#8221;4.27.2&#8243; _module_preset=&#8221;52835c1e-550b-4b9f-af2b-466aea10fb0b&#8221; text_text_color=&#8221;gcid-d15821fb-ca65-4f29-bfd5-ea044f046af4&#8243; global_colors_info=&#8221;{%22gcid-d15821fb-ca65-4f29-bfd5-ea044f046af4%22:%91%22text_text_color%22%93}&#8221; theme_builder_area=&#8221;post_content&#8221;]<\/p>\n<p style=\"text-align: justify;\">Ha gyermek\u00fck szeretn\u00e9 felfedezni a zene, a k\u00e9pz\u0151m\u0171v\u00e9szet, vagy a t\u00e1nc vil\u00e1g\u00e1t, \u00e9s fejleszteni kreativit\u00e1s\u00e1t, akkor zenem\u0171v\u00e9szeti alapiskola a legjobb v\u00e1laszt\u00e1s!<\/p>\n<p>[\/et_pb_text][et_pb_button button_text=&#8221;Beiratkoz\u00e1si inform\u00e1ci\u00f3k&#8221; _builder_version=&#8221;4.27.2&#8243; _module_preset=&#8221;960262fb-4cb6-4b76-b7cb-87a95f3da3bd&#8221; global_colors_info=&#8221;{}&#8221; theme_builder_area=&#8221;post_content&#8221;][\/et_pb_button][\/et_pb_column][\/et_pb_row][\/et_pb_section][et_pb_section fb_built=&#8221;1&#8243; admin_label=&#8221;Services&#8221; _builder_version=&#8221;4.27.2&#8243; _module_preset=&#8221;default&#8221; background_color=&#8221;gcid-ae2718f9-596d-4e4c-a089-a3606cb7bdc2&#8243; global_module=&#8221;84&#8243; saved_tabs=&#8221;all&#8221; locked=&#8221;off&#8221; collapsed=&#8221;on&#8221; global_colors_info=&#8221;{%22gcid-ae2718f9-596d-4e4c-a089-a3606cb7bdc2%22:%91%22background_color%22%93}&#8221; theme_builder_area=&#8221;post_content&#8221;][et_pb_row column_structure=&#8221;1_4,1_4,1_4,1_4&#8243; _builder_version=&#8221;4.24.2&#8243; _module_preset=&#8221;default&#8221; locked=&#8221;off&#8221; global_colors_info=&#8221;{}&#8221; theme_builder_area=&#8221;post_content&#8221;][et_pb_column type=&#8221;1_4&#8243; _builder_version=&#8221;4.23.2&#8243; _module_preset=&#8221;default&#8221; global_colors_info=&#8221;{}&#8221; theme_builder_area=&#8221;post_content&#8221;][et_pb_blurb title=&#8221;Zene&#8221; image=&#8221;https:\/\/zusfl.sk\/wp-content\/uploads\/2024\/10\/Art-Therapist-11-1.png&#8221; icon_alignment=&#8221;center&#8221; _builder_version=&#8221;4.27.2&#8243; _module_preset=&#8221;f580535b-7a5f-4a77-9c0f-c3deec1fe537&#8243; header_text_align=&#8221;center&#8221; header_font_size=&#8221;25px&#8221; link_option_url=&#8221;#&#8221; locked=&#8221;off&#8221; global_colors_info=&#8221;{%22gcid-d15821fb-ca65-4f29-bfd5-ea044f046af4%22:%91%22header_text_color%22%93}&#8221; theme_builder_area=&#8221;post_content&#8221;][\/et_pb_blurb][\/et_pb_column][et_pb_column type=&#8221;1_4&#8243; _builder_version=&#8221;4.23.2&#8243; _module_preset=&#8221;default&#8221; global_colors_info=&#8221;{}&#8221; theme_builder_area=&#8221;post_content&#8221;][et_pb_blurb title=&#8221;T\u00e1nc&#8221; image=&#8221;https:\/\/zusfl.sk\/wp-content\/uploads\/2024\/10\/Art-Therapist-15-1.png&#8221; icon_alignment=&#8221;center&#8221; _builder_version=&#8221;4.27.2&#8243; _module_preset=&#8221;f580535b-7a5f-4a77-9c0f-c3deec1fe537&#8243; header_text_align=&#8221;center&#8221; header_font_size=&#8221;25px&#8221; link_option_url=&#8221;#&#8221; locked=&#8221;off&#8221; global_colors_info=&#8221;{%22gcid-d15821fb-ca65-4f29-bfd5-ea044f046af4%22:%91%22header_text_color%22%93}&#8221; theme_builder_area=&#8221;post_content&#8221;][\/et_pb_blurb][\/et_pb_column][et_pb_column type=&#8221;1_4&#8243; _builder_version=&#8221;4.23.2&#8243; _module_preset=&#8221;default&#8221; global_colors_info=&#8221;{}&#8221; theme_builder_area=&#8221;post_content&#8221;][et_pb_blurb title=&#8221;K\u00e9pz\u0151m\u0171v\u00e9szet&#8221; image=&#8221;https:\/\/zusfl.sk\/wp-content\/uploads\/2024\/10\/Art-Therapist-13-1.png&#8221; icon_alignment=&#8221;center&#8221; _builder_version=&#8221;4.27.2&#8243; _module_preset=&#8221;f580535b-7a5f-4a77-9c0f-c3deec1fe537&#8243; header_text_align=&#8221;center&#8221; header_font_size=&#8221;25px&#8221; link_option_url=&#8221;#&#8221; locked=&#8221;off&#8221; global_colors_info=&#8221;{%22gcid-d15821fb-ca65-4f29-bfd5-ea044f046af4%22:%91%22header_text_color%22%93}&#8221; theme_builder_area=&#8221;post_content&#8221;][\/et_pb_blurb][\/et_pb_column][et_pb_column type=&#8221;1_4&#8243; _builder_version=&#8221;4.23.2&#8243; _module_preset=&#8221;default&#8221; global_colors_info=&#8221;{}&#8221; theme_builder_area=&#8221;post_content&#8221;][et_pb_blurb title=&#8221;Dr\u00e1ma&#8221; image=&#8221;https:\/\/zusfl.sk\/wp-content\/uploads\/2024\/10\/Art-Therapist-14-1.png&#8221; icon_alignment=&#8221;center&#8221; _builder_version=&#8221;4.27.2&#8243; _module_preset=&#8221;f580535b-7a5f-4a77-9c0f-c3deec1fe537&#8243; header_text_align=&#8221;center&#8221; header_font_size=&#8221;25px&#8221; link_option_url=&#8221;#&#8221; locked=&#8221;off&#8221; global_colors_info=&#8221;{%22gcid-d15821fb-ca65-4f29-bfd5-ea044f046af4%22:%91%22header_text_color%22%93}&#8221; theme_builder_area=&#8221;post_content&#8221;][\/et_pb_blurb][\/et_pb_column][\/et_pb_row][\/et_pb_section][et_pb_section fb_built=&#8221;1&#8243; admin_label=&#8221;Feature&#8221; _builder_version=&#8221;4.24.2&#8243; _module_preset=&#8221;default&#8221; overflow-x=&#8221;hidden&#8221; overflow-y=&#8221;hidden&#8221; global_module=&#8221;88&#8243; saved_tabs=&#8221;all&#8221; collapsed=&#8221;on&#8221; global_colors_info=&#8221;{}&#8221; theme_builder_area=&#8221;post_content&#8221;][et_pb_row column_structure=&#8221;1_2,1_2&#8243; _builder_version=&#8221;4.24.2&#8243; _module_preset=&#8221;default&#8221; locked=&#8221;off&#8221; global_colors_info=&#8221;{}&#8221; theme_builder_area=&#8221;post_content&#8221;][et_pb_column type=&#8221;1_2&#8243; _builder_version=&#8221;4.24.2&#8243; _module_preset=&#8221;default&#8221; custom_padding=&#8221;6%||||false|false&#8221; custom_padding_tablet=&#8221;0%||||false|false&#8221; custom_padding_phone=&#8221;&#8221; custom_padding_last_edited=&#8221;on|desktop&#8221; global_colors_info=&#8221;{}&#8221; theme_builder_area=&#8221;post_content&#8221;][et_pb_text _builder_version=&#8221;4.23.2&#8243; _module_preset=&#8221;e1d4566f-5f8d-44c2-bc08-5f6adf8c8cf7&#8243; header_4_text_color=&#8221;gcid-d15821fb-ca65-4f29-bfd5-ea044f046af4&#8243; global_colors_info=&#8221;{%22gcid-d15821fb-ca65-4f29-bfd5-ea044f046af4%22:%91%22header_4_text_color%22%93}&#8221; theme_builder_area=&#8221;post_content&#8221;]<\/p>\n<h4>Creative Therapist<\/h4>\n<p>[\/et_pb_text][et_pb_text _builder_version=&#8221;4.23.2&#8243; _module_preset=&#8221;5db74e08-4c7c-40aa-8a8c-b162c430cdf3&#8243; header_2_text_color=&#8221;gcid-d15821fb-ca65-4f29-bfd5-ea044f046af4&#8243; custom_margin=&#8221;||10px||false|false&#8221; global_colors_info=&#8221;{%22gcid-d15821fb-ca65-4f29-bfd5-ea044f046af4%22:%91%22header_2_text_color%22%93}&#8221; theme_builder_area=&#8221;post_content&#8221;]<\/p>\n<h2>V\u00e9gz\u0151seink<\/h2>\n<p>[\/et_pb_text][et_pb_text _builder_version=&#8221;4.23.2&#8243; _module_preset=&#8221;52835c1e-550b-4b9f-af2b-466aea10fb0b&#8221; text_text_color=&#8221;gcid-d15821fb-ca65-4f29-bfd5-ea044f046af4&#8243; global_colors_info=&#8221;{%22gcid-d15821fb-ca65-4f29-bfd5-ea044f046af4%22:%91%22text_text_color%22%93}&#8221; theme_builder_area=&#8221;post_content&#8221;]Nisl massa, ultrices vitae ornare sit amet, ultricies eget orci. Sed vitae nulla et justo pellentesque congue nec eu risus. Fermentum nulla non justo aliquet, quis vehicula quam consequat duis ut hendrerit.[\/et_pb_text][et_pb_button button_text=&#8221;Learn More&#8221; _builder_version=&#8221;4.23.2&#8243; _module_preset=&#8221;960262fb-4cb6-4b76-b7cb-87a95f3da3bd&#8221; global_colors_info=&#8221;{}&#8221; theme_builder_area=&#8221;post_content&#8221;][\/et_pb_button][\/et_pb_column][et_pb_column type=&#8221;1_2&#8243; _builder_version=&#8221;4.23.2&#8243; _module_preset=&#8221;default&#8221; global_colors_info=&#8221;{}&#8221; theme_builder_area=&#8221;post_content&#8221;][et_pb_image src=&#8221;https:\/\/zusfl.sk\/wp-content\/uploads\/2024\/10\/art-therapist-06.jpg&#8221; title_text=&#8221;art-therapist-06&#8243; _builder_version=&#8221;4.24.2&#8243; _module_preset=&#8221;default&#8221; scroll_rotating_enable=&#8221;on&#8221; scroll_rotating=&#8221;0|50|50|100|-5\u00b0|0|5\u00b0&#8221; border_radii=&#8221;off|300%|200%|250%|200%&#8221; global_colors_info=&#8221;{}&#8221; theme_builder_area=&#8221;post_content&#8221;][\/et_pb_image][\/et_pb_column][\/et_pb_row][\/et_pb_section][et_pb_section fb_built=&#8221;1&#8243; admin_label=&#8221;Call to Action&#8221; _builder_version=&#8221;4.24.2&#8243; _module_preset=&#8221;default&#8221; background_color=&#8221;gcid-d15821fb-ca65-4f29-bfd5-ea044f046af4&#8243; background_image=&#8221;https:\/\/zusfl.sk\/wp-content\/uploads\/2024\/10\/art-therapist-background-02b.png&#8221; background_size=&#8221;initial&#8221; global_module=&#8221;101&#8243; saved_tabs=&#8221;all&#8221; collapsed=&#8221;on&#8221; global_colors_info=&#8221;{%22gcid-d15821fb-ca65-4f29-bfd5-ea044f046af4%22:%91%22background_color%22%93}&#8221; theme_builder_area=&#8221;post_content&#8221;][et_pb_row _builder_version=&#8221;4.24.2&#8243; _module_preset=&#8221;default&#8221; max_width=&#8221;900px&#8221; global_colors_info=&#8221;{}&#8221; theme_builder_area=&#8221;post_content&#8221;][et_pb_column type=&#8221;4_4&#8243; _builder_version=&#8221;4.23.2&#8243; _module_preset=&#8221;default&#8221; global_colors_info=&#8221;{}&#8221; theme_builder_area=&#8221;post_content&#8221;][et_pb_text _builder_version=&#8221;4.23.2&#8243; _module_preset=&#8221;fcdb969f-ea47-4e9e-aaa2-3e644b294f1e&#8221; header_2_text_color=&#8221;#FFFFFF&#8221; text_orientation=&#8221;center&#8221; global_colors_info=&#8221;{}&#8221; theme_builder_area=&#8221;post_content&#8221;]<\/p>\n<h2>Tedd sz\u00ednesebb\u00e9 a vil\u00e1godat \u00e9s ismerkedj meg a m\u0171v\u00e9szetekkel\u00a0<\/h2>\n<p>[\/et_pb_text][et_pb_button button_text=&#8221;Beiratkoz\u00e1si inform\u00e1ci\u00f3k&#8221; button_alignment=&#8221;center&#8221; _builder_version=&#8221;4.27.2&#8243; _module_preset=&#8221;2d39895d-eddb-4cfb-bcda-c57088aaedf6&#8243; global_colors_info=&#8221;{}&#8221; theme_builder_area=&#8221;post_content&#8221;][\/et_pb_button][\/et_pb_column][\/et_pb_row][\/et_pb_section]<\/p>\n","protected":false},"excerpt":{"rendered":"<p>H\u00edrekKicsiben kezd\u0151dikNe hagyjuk elveszni a kreativit\u00e1stHa gyermek\u00fck szeretn\u00e9 felfedezni a zene, a k\u00e9pz\u0151m\u0171v\u00e9szet, vagy a t\u00e1nc vil\u00e1g\u00e1t, \u00e9s fejleszteni kreativit\u00e1s\u00e1t, akkor zenem\u0171v\u00e9szeti alapiskola a legjobb v\u00e1laszt\u00e1s!Creative TherapistV\u00e9gz\u0151seinkNisl massa, ultrices vitae ornare sit amet, ultricies eget orci. Sed vitae nulla et justo pellentesque congue nec eu risus. Fermentum nulla non justo aliquet, quis vehicula quam consequat [&hellip;]<\/p>\n","protected":false},"author":2,"featured_media":0,"parent":0,"menu_order":0,"comment_status":"closed","ping_status":"closed","template":"","meta":{"_et_pb_use_builder":"on","_et_pb_old_content":"","_et_gb_content_width":"","footnotes":""},"class_list":["post-234","page","type-page","status-publish","hentry"],"_links":{"self":[{"href":"https:\/\/zusfl.sk\/hu\/wp-json\/wp\/v2\/pages\/234","targetHints":{"allow":["GET"]}}],"collection":[{"href":"https:\/\/zusfl.sk\/hu\/wp-json\/wp\/v2\/pages"}],"about":[{"href":"https:\/\/zusfl.sk\/hu\/wp-json\/wp\/v2\/types\/page"}],"author":[{"embeddable":true,"href":"https:\/\/zusfl.sk\/hu\/wp-json\/wp\/v2\/users\/2"}],"replies":[{"embeddable":true,"href":"https:\/\/zusfl.sk\/hu\/wp-json\/wp\/v2\/comments?post=234"}],"version-history":[{"count":5,"href":"https:\/\/zusfl.sk\/hu\/wp-json\/wp\/v2\/pages\/234\/revisions"}],"predecessor-version":[{"id":338,"href":"https:\/\/zusfl.sk\/hu\/wp-json\/wp\/v2\/pages\/234\/revisions\/338"}],"wp:attachment":[{"href":"https:\/\/zusfl.sk\/hu\/wp-json\/wp\/v2\/media?parent=234"}],"curies":[{"name":"wp","href":"https:\/\/api.w.org\/{rel}","templated":true}]}}